{"id":54,"date":"2019-04-23T19:55:31","date_gmt":"2019-04-23T19:55:31","guid":{"rendered":"http:\/\/192.168.150.20\/wordpress\/?page_id=54"},"modified":"2025-12-05T17:51:06","modified_gmt":"2025-12-05T17:51:06","slug":"anmeldung-single","status":"publish","type":"page","link":"https:\/\/milonguero-loco.de\/?page_id=54","title":{"rendered":"Anmeldung Single"},"content":{"rendered":"<p>Bitte habt Verst\u00e4ndnis daf\u00fcr, dass wenn ein starkes \u00dcbergewicht einer Rolle in einer Milonga entsteht, wir die Anmeldung erst mal auf Warteliste setzen m\u00fcssen.<\/p>\n<p>Please acknowledge that, in the case we have a strong overweight of one role, the registration is placed on the waiting list until further registrations of the opposite role come in.<\/p>\n<div id=\"vfb-form-1\" class=\"visual-form-builder-container\"><form id=\"anmeldung-singles-1\" class=\"visual-form-builder vfb-form-1 \" method=\"post\" enctype=\"multipart\/form-data\">\n\t  \t<input type=\"hidden\" name=\"form_id\" value=\"1\" \/><fieldset class=\"vfb-fieldset vfb-fieldset-1 erlaeuterungen \" id=\"item-vfb-1\"><div class=\"vfb-legend\"><h3>Erl\u00e4uterungen<\/h3><\/div><ul class=\"vfb-section vfb-section-1\"><li class=\"vfb-item vfb-item-instructions  \" id=\"item-vfb-5\"><label class=\"vfb-desc\">Hinweise <\/label>Bitte tragt Euch mir Eurem richtigen Namen ein, so da\u00df wir Euch auf unseren Anmeldelisten am Empfang finden k\u00f6nnen. Ihr k\u00f6nnt entweder einzelne Veranstaltungen w\u00e4hlen, oder einen Wochenendpass f\u00fcr alle Milongas!\r\n\r\nPlease enter your names as you want them to show up in our registration list. You can select single milongas or the Weekendpass for all milongas!<\/li><\/ul>&nbsp;<\/fieldset><fieldset class=\"vfb-fieldset vfb-fieldset-2 namen \" id=\"item-vfb-6\"><div class=\"vfb-legend\"><h3>Namen<\/h3><\/div><ul class=\"vfb-section vfb-section-2\"><li class=\"vfb-item vfb-item-radio  vfb-three-column \" id=\"item-vfb-7\"><label class=\"vfb-desc\">f\u00fchrend \/ folgend  <span class=\"vfb-required-asterisk\">*<\/span><\/label><div><span><label>Leader \/ Follower<\/label><\/span><span class=\"vfb-span\"><input type=\"radio\" name=\"vfb-7\" id=\"vfb-7-1\" value=\"F\u00fchrend\" class=\"vfb-radio  required \" \/><label for=\"vfb-7-1\" class=\"vfb-choice\">F\u00fchrend<\/label><\/span><span class=\"vfb-span\"><input type=\"radio\" name=\"vfb-7\" id=\"vfb-7-2\" value=\"Folgend\" class=\"vfb-radio  required \" \/><label for=\"vfb-7-2\" class=\"vfb-choice\">Folgend<\/label><\/span><span class=\"vfb-span\"><input type=\"radio\" name=\"vfb-7\" id=\"vfb-7-3\" value=\"Double Role\" class=\"vfb-radio  required \" \/><label for=\"vfb-7-3\" class=\"vfb-choice\">Double Role<\/label><\/span><div style=\"clear:both\"><\/div><\/div><\/li><li class=\"vfb-item vfb-item-text  \" id=\"item-vfb-8\"><label for=\"vfb-8\" class=\"vfb-desc\">Namen  <span class=\"vfb-required-asterisk\">*<\/span><\/label><span class=\"vfb-span\"><input type=\"text\" name=\"vfb-8\" id=\"vfb-8\" value=\"\" class=\"vfb-text  vfb-medium  required  \" \/><label>First Name and Name<\/label><\/span><\/li><li class=\"vfb-item vfb-item-email  \" id=\"item-vfb-9\"><label for=\"vfb-9\" class=\"vfb-desc\">E-Mail  <span class=\"vfb-required-asterisk\">*<\/span><\/label><span class=\"vfb-span\"><input type=\"email\" name=\"vfb-9\" id=\"vfb-9\" value=\"\" class=\"vfb-text  vfb-medium  required  email \" \/><label>Bitte achtet auf die richtige Schreibweise. Ist der Eintrag falsch, k\u00f6nnen wir Euch nicht erreichen!\r\nPlease check the correct spelling. In case of typos we have no chance to contact you!<\/label><\/span><\/li><li class=\"vfb-item vfb-item-radio  vfb-two-column \" id=\"item-vfb-10\"><label class=\"vfb-desc\">Weitere Ank\u00fcndigungen <\/label><div><span><label>Wollt Ihr \u00fcber die n\u00e4chsten Veranstaltungen von \"Milonguero Loco\"  \u00fcber diese E-Mail Informationen erhalten?\r\nDo you wish to get information about \"Milonguero Loco\"  events next year?<\/label><\/span><span class=\"vfb-span\"><input type=\"radio\" name=\"vfb-10\" id=\"vfb-10-1\" value=\"Ja, bitte!\" class=\"vfb-radio  \" \/><label for=\"vfb-10-1\" class=\"vfb-choice\">Ja, bitte!<\/label><\/span><span class=\"vfb-span\"><input type=\"radio\" name=\"vfb-10\" id=\"vfb-10-2\" value=\"Nein, danke\" class=\"vfb-radio  \" \/><label for=\"vfb-10-2\" class=\"vfb-choice\">Nein, danke<\/label><\/span><div style=\"clear:both\"><\/div><\/div><\/li><\/ul>&nbsp;<\/fieldset><fieldset class=\"vfb-fieldset vfb-fieldset-3 milongas \" id=\"item-vfb-11\"><div class=\"vfb-legend\"><h3>Milongas<\/h3><\/div><ul class=\"vfb-section vfb-section-3\"><li class=\"vfb-item vfb-item-radio  vfb-two-column \" id=\"item-vfb-12\"><label class=\"vfb-desc\">Freitag Abend <\/label><div><span><label>Vorkasse 15\u20ac \/Person<\/label><\/span><span class=\"vfb-span\"><input type=\"radio\" name=\"vfb-12\" id=\"vfb-12-1\" value=\"nehme teil\" class=\"vfb-radio  \" \/><label for=\"vfb-12-1\" class=\"vfb-choice\">nehme teil<\/label><\/span><span class=\"vfb-span\"><input type=\"radio\" name=\"vfb-12\" id=\"vfb-12-2\" value=\"leider nein\" class=\"vfb-radio  \" \/><label for=\"vfb-12-2\" class=\"vfb-choice\">leider nein<\/label><\/span><div style=\"clear:both\"><\/div><\/div><\/li><li class=\"vfb-item vfb-item-radio  vfb-two-column \" id=\"item-vfb-13\"><label class=\"vfb-desc\">Samstag Mittag <\/label><div><span><label>Vorkasse 15\u20ac \/Person<\/label><\/span><span class=\"vfb-span\"><input type=\"radio\" name=\"vfb-13\" id=\"vfb-13-1\" value=\"nehme teil\" class=\"vfb-radio  \" \/><label for=\"vfb-13-1\" class=\"vfb-choice\">nehme teil<\/label><\/span><span class=\"vfb-span\"><input type=\"radio\" name=\"vfb-13\" id=\"vfb-13-2\" value=\"leider nein\" class=\"vfb-radio  \" \/><label for=\"vfb-13-2\" class=\"vfb-choice\">leider nein<\/label><\/span><div style=\"clear:both\"><\/div><\/div><\/li><li class=\"vfb-item vfb-item-radio  vfb-two-column \" id=\"item-vfb-14\"><label class=\"vfb-desc\">Samstag Abend <\/label><div><span><label>Vorkasse 15\u20ac \/Person<\/label><\/span><span class=\"vfb-span\"><input type=\"radio\" name=\"vfb-14\" id=\"vfb-14-1\" value=\"nehme teil\" class=\"vfb-radio  \" \/><label for=\"vfb-14-1\" class=\"vfb-choice\">nehme teil<\/label><\/span><span class=\"vfb-span\"><input type=\"radio\" name=\"vfb-14\" id=\"vfb-14-2\" value=\"leider nein\" class=\"vfb-radio  \" \/><label for=\"vfb-14-2\" class=\"vfb-choice\">leider nein<\/label><\/span><div style=\"clear:both\"><\/div><\/div><\/li><li class=\"vfb-item vfb-item-radio  vfb-two-column \" id=\"item-vfb-15\"><label class=\"vfb-desc\">Sonntag Mittag <\/label><div><span><label>Vorkasse 15\u20ac \/Person<\/label><\/span><span class=\"vfb-span\"><input type=\"radio\" name=\"vfb-15\" id=\"vfb-15-1\" value=\"nehme teil\" class=\"vfb-radio  \" \/><label for=\"vfb-15-1\" class=\"vfb-choice\">nehme teil<\/label><\/span><span class=\"vfb-span\"><input type=\"radio\" name=\"vfb-15\" id=\"vfb-15-2\" value=\"leider nein\" class=\"vfb-radio  \" \/><label for=\"vfb-15-2\" class=\"vfb-choice\">leider nein<\/label><\/span><div style=\"clear:both\"><\/div><\/div><\/li><li class=\"vfb-item vfb-item-radio  vfb-two-column \" id=\"item-vfb-33\"><label class=\"vfb-desc\">Wochenendpass <\/label><div><span><label>Vorkasse 50\u20ac \/Person<\/label><\/span><span class=\"vfb-span\"><input type=\"radio\" name=\"vfb-33\" id=\"vfb-33-1\" value=\"nehme teil\" class=\"vfb-radio  \" \/><label for=\"vfb-33-1\" class=\"vfb-choice\">nehme teil<\/label><\/span><span class=\"vfb-span\"><input type=\"radio\" name=\"vfb-33\" id=\"vfb-33-2\" value=\"leider nein\" class=\"vfb-radio  \" \/><label for=\"vfb-33-2\" class=\"vfb-choice\">leider nein<\/label><\/span><div style=\"clear:both\"><\/div><\/div><\/li><\/ul>&nbsp;<\/fieldset><fieldset class=\"vfb-fieldset vfb-fieldset-4 verification \" id=\"item-vfb-2\" style=\"display:block\"><div class=\"vfb-legend\"><h3>Verification<\/h3><\/div><ul class=\"vfb-section vfb-section-4\"><li class=\"vfb-item vfb-item-secret\"  style=\"display:block\"><label for=\"vfb-3\" class=\"vfb-desc\">Please enter any two digits <span class=\"vfb-required-asterisk\">*<\/span><\/label><input type=\"hidden\" name=\"_vfb-secret\" value=\"vfb-3\" \/><span class=\"vfb-span\"><input type=\"text\" name=\"vfb-3\" id=\"vfb-3\" value=\"\" class=\"vfb-text  vfb-medium  required {digits:true,maxlength:2,minlength:2} \" style=\"display:block\" \/><label>Example: 12<\/label><\/span><li style=\"display:none;\"><label>This box is for spam protection - &lt;strong&gt;please leave it blank&lt;\/strong&gt;:<\/label><div><input name=\"vfb-spam\" \/><\/div><\/li>\n\t\t\t<li class=\"vfb-item vfb-item-submit\" id=\"item-vfb-4\">\n\t\t\t\t<input type=\"submit\" name=\"vfb-submit\" id=\"vfb-4\" value=\"Absenden \/ Submit\" class=\"vfb-submit \" \/>\n\t\t\t\t<\/li><\/ul>\n\t\t\t<\/fieldset><input type=\"hidden\" name=\"_wp_http_referer\" value=\"\/index.php?rest_route=%2Fwp%2Fv2%2Fpages%2F54\" \/><\/form><\/div> <!-- .visual-form-builder-container -->\n","protected":false},"excerpt":{"rendered":"<p>Bitte habt Verst\u00e4ndnis daf\u00fcr, dass wenn ein starkes \u00dcbergewicht einer Rolle in einer Milonga entsteht, wir die Anmeldung erst mal auf Warteliste setzen m\u00fcssen. Please acknowledge that, in the case we have a strong overweight of one role, the registration is placed on the waiting list until further registrations of the opposite role come in.<\/p>\n","protected":false},"author":1,"featured_media":164,"parent":5,"menu_order":0,"comment_status":"closed","ping_status":"closed","template":"","meta":{"footnotes":""},"class_list":["post-54","page","type-page","status-publish","has-post-thumbnail","hentry"],"yoast_head":"<!-- This site is optimized with the Yoast SEO plugin v27.3 - https:\/\/yoast.com\/product\/yoast-seo-wordpress\/ -->\n<title>Anmeldung Single - MilongueroLoco<\/title>\n<meta name=\"robots\" content=\"noindex, follow\" \/>\n<meta property=\"og:locale\" content=\"de_DE\" \/>\n<meta property=\"og:type\" content=\"article\" \/>\n<meta property=\"og:title\" content=\"Anmeldung Single - MilongueroLoco\" \/>\n<meta property=\"og:description\" content=\"Bitte habt Verst\u00e4ndnis daf\u00fcr, dass wenn ein starkes \u00dcbergewicht einer Rolle in einer Milonga entsteht, wir die Anmeldung erst mal auf Warteliste setzen m\u00fcssen. Please acknowledge that, in the case we have a strong overweight of one role, the registration is placed on the waiting list until further registrations of the opposite role come in.\" \/>\n<meta property=\"og:url\" content=\"https:\/\/milonguero-loco.de\/?page_id=54\" \/>\n<meta property=\"og:site_name\" content=\"MilongueroLoco\" \/>\n<meta property=\"article:modified_time\" content=\"2025-12-05T17:51:06+00:00\" \/>\n<meta property=\"og:image\" content=\"https:\/\/milonguero-loco.de\/wp-content\/uploads\/2025\/12\/Milonguero-Loco_2026.jpg\" \/>\n\t<meta property=\"og:image:width\" content=\"1996\" \/>\n\t<meta property=\"og:image:height\" content=\"1081\" \/>\n\t<meta property=\"og:image:type\" content=\"image\/jpeg\" \/>\n<meta name=\"twitter:card\" content=\"summary_large_image\" \/>\n<meta name=\"twitter:label1\" content=\"Gesch\u00e4tzte Lesezeit\" \/>\n\t<meta name=\"twitter:data1\" content=\"1\u00a0Minute\" \/>\n<script type=\"application\/ld+json\" class=\"yoast-schema-graph\">{\"@context\":\"https:\\\/\\\/schema.org\",\"@graph\":[{\"@type\":\"WebPage\",\"@id\":\"https:\\\/\\\/milonguero-loco.de\\\/?page_id=54\",\"url\":\"https:\\\/\\\/milonguero-loco.de\\\/?page_id=54\",\"name\":\"Anmeldung Single - MilongueroLoco\",\"isPartOf\":{\"@id\":\"https:\\\/\\\/milonguero-loco.de\\\/#website\"},\"primaryImageOfPage\":{\"@id\":\"https:\\\/\\\/milonguero-loco.de\\\/?page_id=54#primaryimage\"},\"image\":{\"@id\":\"https:\\\/\\\/milonguero-loco.de\\\/?page_id=54#primaryimage\"},\"thumbnailUrl\":\"https:\\\/\\\/milonguero-loco.de\\\/wp-content\\\/uploads\\\/2025\\\/12\\\/Milonguero-Loco_2026.jpg\",\"datePublished\":\"2019-04-23T19:55:31+00:00\",\"dateModified\":\"2025-12-05T17:51:06+00:00\",\"breadcrumb\":{\"@id\":\"https:\\\/\\\/milonguero-loco.de\\\/?page_id=54#breadcrumb\"},\"inLanguage\":\"de\",\"potentialAction\":[{\"@type\":\"ReadAction\",\"target\":[\"https:\\\/\\\/milonguero-loco.de\\\/?page_id=54\"]}]},{\"@type\":\"ImageObject\",\"inLanguage\":\"de\",\"@id\":\"https:\\\/\\\/milonguero-loco.de\\\/?page_id=54#primaryimage\",\"url\":\"https:\\\/\\\/milonguero-loco.de\\\/wp-content\\\/uploads\\\/2025\\\/12\\\/Milonguero-Loco_2026.jpg\",\"contentUrl\":\"https:\\\/\\\/milonguero-loco.de\\\/wp-content\\\/uploads\\\/2025\\\/12\\\/Milonguero-Loco_2026.jpg\",\"width\":1996,\"height\":1081},{\"@type\":\"BreadcrumbList\",\"@id\":\"https:\\\/\\\/milonguero-loco.de\\\/?page_id=54#breadcrumb\",\"itemListElement\":[{\"@type\":\"ListItem\",\"position\":1,\"name\":\"Startseite\",\"item\":\"https:\\\/\\\/milonguero-loco.de\\\/\"},{\"@type\":\"ListItem\",\"position\":2,\"name\":\"Eingang\",\"item\":\"https:\\\/\\\/milonguero-loco.de\\\/\"},{\"@type\":\"ListItem\",\"position\":3,\"name\":\"Startseite\",\"item\":\"https:\\\/\\\/milonguero-loco.de\\\/?page_id=5\"},{\"@type\":\"ListItem\",\"position\":4,\"name\":\"Anmeldung Single\"}]},{\"@type\":\"WebSite\",\"@id\":\"https:\\\/\\\/milonguero-loco.de\\\/#website\",\"url\":\"https:\\\/\\\/milonguero-loco.de\\\/\",\"name\":\"MilongueroLoco\",\"description\":\"\",\"potentialAction\":[{\"@type\":\"SearchAction\",\"target\":{\"@type\":\"EntryPoint\",\"urlTemplate\":\"https:\\\/\\\/milonguero-loco.de\\\/?s={search_term_string}\"},\"query-input\":{\"@type\":\"PropertyValueSpecification\",\"valueRequired\":true,\"valueName\":\"search_term_string\"}}],\"inLanguage\":\"de\"}]}<\/script>\n<!-- \/ Yoast SEO plugin. -->","yoast_head_json":{"title":"Anmeldung Single - MilongueroLoco","robots":{"index":"noindex","follow":"follow"},"og_locale":"de_DE","og_type":"article","og_title":"Anmeldung Single - MilongueroLoco","og_description":"Bitte habt Verst\u00e4ndnis daf\u00fcr, dass wenn ein starkes \u00dcbergewicht einer Rolle in einer Milonga entsteht, wir die Anmeldung erst mal auf Warteliste setzen m\u00fcssen. Please acknowledge that, in the case we have a strong overweight of one role, the registration is placed on the waiting list until further registrations of the opposite role come in.","og_url":"https:\/\/milonguero-loco.de\/?page_id=54","og_site_name":"MilongueroLoco","article_modified_time":"2025-12-05T17:51:06+00:00","og_image":[{"width":1996,"height":1081,"url":"https:\/\/milonguero-loco.de\/wp-content\/uploads\/2025\/12\/Milonguero-Loco_2026.jpg","type":"image\/jpeg"}],"twitter_card":"summary_large_image","twitter_misc":{"Gesch\u00e4tzte Lesezeit":"1\u00a0Minute"},"schema":{"@context":"https:\/\/schema.org","@graph":[{"@type":"WebPage","@id":"https:\/\/milonguero-loco.de\/?page_id=54","url":"https:\/\/milonguero-loco.de\/?page_id=54","name":"Anmeldung Single - MilongueroLoco","isPartOf":{"@id":"https:\/\/milonguero-loco.de\/#website"},"primaryImageOfPage":{"@id":"https:\/\/milonguero-loco.de\/?page_id=54#primaryimage"},"image":{"@id":"https:\/\/milonguero-loco.de\/?page_id=54#primaryimage"},"thumbnailUrl":"https:\/\/milonguero-loco.de\/wp-content\/uploads\/2025\/12\/Milonguero-Loco_2026.jpg","datePublished":"2019-04-23T19:55:31+00:00","dateModified":"2025-12-05T17:51:06+00:00","breadcrumb":{"@id":"https:\/\/milonguero-loco.de\/?page_id=54#breadcrumb"},"inLanguage":"de","potentialAction":[{"@type":"ReadAction","target":["https:\/\/milonguero-loco.de\/?page_id=54"]}]},{"@type":"ImageObject","inLanguage":"de","@id":"https:\/\/milonguero-loco.de\/?page_id=54#primaryimage","url":"https:\/\/milonguero-loco.de\/wp-content\/uploads\/2025\/12\/Milonguero-Loco_2026.jpg","contentUrl":"https:\/\/milonguero-loco.de\/wp-content\/uploads\/2025\/12\/Milonguero-Loco_2026.jpg","width":1996,"height":1081},{"@type":"BreadcrumbList","@id":"https:\/\/milonguero-loco.de\/?page_id=54#breadcrumb","itemListElement":[{"@type":"ListItem","position":1,"name":"Startseite","item":"https:\/\/milonguero-loco.de\/"},{"@type":"ListItem","position":2,"name":"Eingang","item":"https:\/\/milonguero-loco.de\/"},{"@type":"ListItem","position":3,"name":"Startseite","item":"https:\/\/milonguero-loco.de\/?page_id=5"},{"@type":"ListItem","position":4,"name":"Anmeldung Single"}]},{"@type":"WebSite","@id":"https:\/\/milonguero-loco.de\/#website","url":"https:\/\/milonguero-loco.de\/","name":"MilongueroLoco","description":"","potentialAction":[{"@type":"SearchAction","target":{"@type":"EntryPoint","urlTemplate":"https:\/\/milonguero-loco.de\/?s={search_term_string}"},"query-input":{"@type":"PropertyValueSpecification","valueRequired":true,"valueName":"search_term_string"}}],"inLanguage":"de"}]}},"_links":{"self":[{"href":"https:\/\/milonguero-loco.de\/index.php?rest_route=\/wp\/v2\/pages\/54","targetHints":{"allow":["GET"]}}],"collection":[{"href":"https:\/\/milonguero-loco.de\/index.php?rest_route=\/wp\/v2\/pages"}],"about":[{"href":"https:\/\/milonguero-loco.de\/index.php?rest_route=\/wp\/v2\/types\/page"}],"author":[{"embeddable":true,"href":"https:\/\/milonguero-loco.de\/index.php?rest_route=\/wp\/v2\/users\/1"}],"replies":[{"embeddable":true,"href":"https:\/\/milonguero-loco.de\/index.php?rest_route=%2Fwp%2Fv2%2Fcomments&post=54"}],"version-history":[{"count":2,"href":"https:\/\/milonguero-loco.de\/index.php?rest_route=\/wp\/v2\/pages\/54\/revisions"}],"predecessor-version":[{"id":104,"href":"https:\/\/milonguero-loco.de\/index.php?rest_route=\/wp\/v2\/pages\/54\/revisions\/104"}],"up":[{"embeddable":true,"href":"https:\/\/milonguero-loco.de\/index.php?rest_route=\/wp\/v2\/pages\/5"}],"wp:featuredmedia":[{"embeddable":true,"href":"https:\/\/milonguero-loco.de\/index.php?rest_route=\/wp\/v2\/media\/164"}],"wp:attachment":[{"href":"https:\/\/milonguero-loco.de\/index.php?rest_route=%2Fwp%2Fv2%2Fmedia&parent=54"}],"curies":[{"name":"wp","href":"https:\/\/api.w.org\/{rel}","templated":true}]}}