{"id":5,"date":"2018-08-30T14:42:40","date_gmt":"2018-08-30T14:42:40","guid":{"rendered":"http:\/\/192.168.150.20\/wordpress\/?page_id=2"},"modified":"2025-12-05T17:50:33","modified_gmt":"2025-12-05T17:50:33","slug":"beispiel-seite","status":"publish","type":"page","link":"https:\/\/milonguero-loco.de\/?page_id=5","title":{"rendered":"Startseite"},"content":{"rendered":"<p>(English please scroll down)<\/p>\n<p>Diese private Seite dient der Verwaltung der Anmeldungen zu\u00a0 &#8222;Milonguero loco&#8220;.<\/p>\n<p>Wir haben ein Formular f\u00fcr teilnehmende Paare und eins f\u00fcr Singles bereitgestellt. Bitte tragt dort Eure Daten ein und schickt es ab (unterster Knopf im Formular).<\/p>\n<p><a href=\"http:\/\/milonguero-loco.de\/?page_id=37\">Anmeldung Paar<\/a><\/p>\n<p><a href=\"http:\/\/milonguero-loco.de\/?page_id=54\">Anmeldung Single<\/a><\/p>\n<p>Die Formulare sind auch \u00fcber das Men\u00fc erreichbar. Tablet- und Smartphonenutzer dr\u00fccken bitte auf die drei Striche oben links, um das Men\u00fc zu sehen.<\/p>\n<p>Nachdem wir die Anmeldung erhalten haben, bekommt Ihr erst mal eine automatische E-Mail. Wenn wir die Anmeldung verarbeitet haben, und das kann ein paar Tage dauern, bekommt Ihr eine Best\u00e4tigung.<\/p>\n<p>Der Saal des Philippshospitals ist begrenzt, so dass wir ab einer gewissen Anzahl von Anmeldungen eine Warteliste starten m\u00fcssen. Bei starkem \u00dcbergewicht einer Rolle gilt dies ebenfalls. Dar\u00fcber bekommt Ihr auch eine Information. Wenn Ihr auf der Warteliste seid, bekommt Ihr unaufgefordert eine Best\u00e4tigung, sobald ein Platz frei wird. Ungef\u00e4hr eine Woche vor Beginn sagen wir allen, die noch auf der Warteliste sind, ab.<\/p>\n<p>Solltet Ihr angemeldet sein und Eure Pl\u00e4ne \u00e4ndern sich, sagt bitte per E-Mail an <a href=\"mailto:anmeldung@milonguero-loco.de\">anmeldung@milonguero-loco.de<\/a> ab! Die Wartenden auf der Liste werden Euch dankbar sein!<\/p>\n<p>Wir freuen uns auf Euch!<\/p>\n<p>Anette, Hedda, Andy, Hans und Martin<\/p>\n<p>-.-.-.-.-.-.-.-.-.-.-.-.-.-.-.-.-.-.-.-.-.-.-.-.-.-.-.-.-.-.-.-.-.-.-.-.-.-.-.-.-.-.-.-.-.-.-.-.-.-.-.-.-.-.-.-.-.-.-.-.-.-.-.<\/p>\n<p>This private page helps us with the registration process.<\/p>\n<p>We have prepared a form for couples registering together and one for singles. Please fill out, select your preferences, and submit.<\/p>\n<p><a href=\"http:\/\/milonguero-loco.de\/?page_id=37\">Registration Couples<\/a><\/p>\n<p><a href=\"http:\/\/milonguero-loco.de\/?page_id=54\">Registration Single<\/a><\/p>\n<p>The forms can also be accessed via the menu. Smart phone and tablet users click the three lines at the top left corner to see the menu.<\/p>\n<p>After receiving the registration you will first get an automatic email. After processing your registration (this may take a few days) you will get a confirmation.<\/p>\n<p>The dancing hall has limited capacity. Thus we have to start a waiting list after a certain number of registrations. The same applies if one role is strongly overrepresented. If you are on the waiting list, you get an information as well. When an additional place becomes available, you will receive a confirmation. Roughly one week before the event we will send cancellation emails to the waiting list.<\/p>\n<p>If you are confirmed and you change your plans, please inform us at <a href=\"mailto:anmeldung@milonguero-loco.de\">anmeldung@milonguero-loco.de<\/a>. The people on the waiting list will be grateful!<\/p>\n<p>We are looking forward to seeing you at Philippshospital!<\/p>\n<p>Anette, Hedda, Andy, Hans und Martin<\/p>\n","protected":false},"excerpt":{"rendered":"<p>(English please scroll down) Diese private Seite dient der Verwaltung der Anmeldungen zu\u00a0 &#8222;Milonguero loco&#8220;. Wir haben ein Formular f\u00fcr teilnehmende Paare und eins f\u00fcr Singles bereitgestellt. Bitte tragt dort Eure Daten ein und schickt es ab (unterster Knopf im Formular). Anmeldung Paar Anmeldung Single Die Formulare sind auch \u00fcber das Men\u00fc erreichbar. Tablet- und <a class=\"more-link\" href=\"https:\/\/milonguero-loco.de\/?page_id=5\">Weiterlesen\u00a0\u2026<\/a><\/p>\n","protected":false},"author":1,"featured_media":164,"parent":116,"menu_order":1,"comment_status":"closed","ping_status":"closed","template":"","meta":{"footnotes":""},"class_list":["post-5","page","type-page","status-publish","has-post-thumbnail","hentry"],"yoast_head":"<!-- This site is optimized with the Yoast SEO plugin v27.3 - https:\/\/yoast.com\/product\/yoast-seo-wordpress\/ -->\n<title>Startseite - MilongueroLoco<\/title>\n<meta name=\"robots\" content=\"noindex, nofollow\" \/>\n<meta property=\"og:locale\" content=\"de_DE\" \/>\n<meta property=\"og:type\" content=\"article\" \/>\n<meta property=\"og:title\" content=\"Startseite - MilongueroLoco\" \/>\n<meta property=\"og:description\" content=\"(English please scroll down) Diese private Seite dient der Verwaltung der Anmeldungen zu\u00a0 &#8222;Milonguero loco&#8220;. Wir haben ein Formular f\u00fcr teilnehmende Paare und eins f\u00fcr Singles bereitgestellt. Bitte tragt dort Eure Daten ein und schickt es ab (unterster Knopf im Formular). Anmeldung Paar Anmeldung Single Die Formulare sind auch \u00fcber das Men\u00fc erreichbar. Tablet- und Weiterlesen\u00a0\u2026\" \/>\n<meta property=\"og:url\" content=\"https:\/\/milonguero-loco.de\/?page_id=5\" \/>\n<meta property=\"og:site_name\" content=\"MilongueroLoco\" \/>\n<meta property=\"article:modified_time\" content=\"2025-12-05T17:50:33+00:00\" \/>\n<meta property=\"og:image\" content=\"https:\/\/milonguero-loco.de\/wp-content\/uploads\/2025\/12\/Milonguero-Loco_2026.jpg\" \/>\n\t<meta property=\"og:image:width\" content=\"1996\" \/>\n\t<meta property=\"og:image:height\" content=\"1081\" \/>\n\t<meta property=\"og:image:type\" content=\"image\/jpeg\" \/>\n<meta name=\"twitter:card\" content=\"summary_large_image\" \/>\n<meta name=\"twitter:label1\" content=\"Gesch\u00e4tzte Lesezeit\" \/>\n\t<meta name=\"twitter:data1\" content=\"3\u00a0Minuten\" \/>\n<script type=\"application\/ld+json\" class=\"yoast-schema-graph\">{\"@context\":\"https:\\\/\\\/schema.org\",\"@graph\":[{\"@type\":\"WebPage\",\"@id\":\"https:\\\/\\\/milonguero-loco.de\\\/?page_id=5\",\"url\":\"https:\\\/\\\/milonguero-loco.de\\\/?page_id=5\",\"name\":\"Startseite - MilongueroLoco\",\"isPartOf\":{\"@id\":\"https:\\\/\\\/milonguero-loco.de\\\/#website\"},\"primaryImageOfPage\":{\"@id\":\"https:\\\/\\\/milonguero-loco.de\\\/?page_id=5#primaryimage\"},\"image\":{\"@id\":\"https:\\\/\\\/milonguero-loco.de\\\/?page_id=5#primaryimage\"},\"thumbnailUrl\":\"https:\\\/\\\/milonguero-loco.de\\\/wp-content\\\/uploads\\\/2025\\\/12\\\/Milonguero-Loco_2026.jpg\",\"datePublished\":\"2018-08-30T14:42:40+00:00\",\"dateModified\":\"2025-12-05T17:50:33+00:00\",\"breadcrumb\":{\"@id\":\"https:\\\/\\\/milonguero-loco.de\\\/?page_id=5#breadcrumb\"},\"inLanguage\":\"de\",\"potentialAction\":[{\"@type\":\"ReadAction\",\"target\":[\"https:\\\/\\\/milonguero-loco.de\\\/?page_id=5\"]}]},{\"@type\":\"ImageObject\",\"inLanguage\":\"de\",\"@id\":\"https:\\\/\\\/milonguero-loco.de\\\/?page_id=5#primaryimage\",\"url\":\"https:\\\/\\\/milonguero-loco.de\\\/wp-content\\\/uploads\\\/2025\\\/12\\\/Milonguero-Loco_2026.jpg\",\"contentUrl\":\"https:\\\/\\\/milonguero-loco.de\\\/wp-content\\\/uploads\\\/2025\\\/12\\\/Milonguero-Loco_2026.jpg\",\"width\":1996,\"height\":1081},{\"@type\":\"BreadcrumbList\",\"@id\":\"https:\\\/\\\/milonguero-loco.de\\\/?page_id=5#breadcrumb\",\"itemListElement\":[{\"@type\":\"ListItem\",\"position\":1,\"name\":\"Startseite\",\"item\":\"https:\\\/\\\/milonguero-loco.de\\\/\"},{\"@type\":\"ListItem\",\"position\":2,\"name\":\"Eingang\",\"item\":\"https:\\\/\\\/milonguero-loco.de\\\/\"},{\"@type\":\"ListItem\",\"position\":3,\"name\":\"Startseite\"}]},{\"@type\":\"WebSite\",\"@id\":\"https:\\\/\\\/milonguero-loco.de\\\/#website\",\"url\":\"https:\\\/\\\/milonguero-loco.de\\\/\",\"name\":\"MilongueroLoco\",\"description\":\"\",\"potentialAction\":[{\"@type\":\"SearchAction\",\"target\":{\"@type\":\"EntryPoint\",\"urlTemplate\":\"https:\\\/\\\/milonguero-loco.de\\\/?s={search_term_string}\"},\"query-input\":{\"@type\":\"PropertyValueSpecification\",\"valueRequired\":true,\"valueName\":\"search_term_string\"}}],\"inLanguage\":\"de\"}]}<\/script>\n<!-- \/ Yoast SEO plugin. -->","yoast_head_json":{"title":"Startseite - MilongueroLoco","robots":{"index":"noindex","follow":"nofollow"},"og_locale":"de_DE","og_type":"article","og_title":"Startseite - MilongueroLoco","og_description":"(English please scroll down) Diese private Seite dient der Verwaltung der Anmeldungen zu\u00a0 &#8222;Milonguero loco&#8220;. Wir haben ein Formular f\u00fcr teilnehmende Paare und eins f\u00fcr Singles bereitgestellt. Bitte tragt dort Eure Daten ein und schickt es ab (unterster Knopf im Formular). Anmeldung Paar Anmeldung Single Die Formulare sind auch \u00fcber das Men\u00fc erreichbar. Tablet- und Weiterlesen\u00a0\u2026","og_url":"https:\/\/milonguero-loco.de\/?page_id=5","og_site_name":"MilongueroLoco","article_modified_time":"2025-12-05T17:50:33+00:00","og_image":[{"width":1996,"height":1081,"url":"https:\/\/milonguero-loco.de\/wp-content\/uploads\/2025\/12\/Milonguero-Loco_2026.jpg","type":"image\/jpeg"}],"twitter_card":"summary_large_image","twitter_misc":{"Gesch\u00e4tzte Lesezeit":"3\u00a0Minuten"},"schema":{"@context":"https:\/\/schema.org","@graph":[{"@type":"WebPage","@id":"https:\/\/milonguero-loco.de\/?page_id=5","url":"https:\/\/milonguero-loco.de\/?page_id=5","name":"Startseite - MilongueroLoco","isPartOf":{"@id":"https:\/\/milonguero-loco.de\/#website"},"primaryImageOfPage":{"@id":"https:\/\/milonguero-loco.de\/?page_id=5#primaryimage"},"image":{"@id":"https:\/\/milonguero-loco.de\/?page_id=5#primaryimage"},"thumbnailUrl":"https:\/\/milonguero-loco.de\/wp-content\/uploads\/2025\/12\/Milonguero-Loco_2026.jpg","datePublished":"2018-08-30T14:42:40+00:00","dateModified":"2025-12-05T17:50:33+00:00","breadcrumb":{"@id":"https:\/\/milonguero-loco.de\/?page_id=5#breadcrumb"},"inLanguage":"de","potentialAction":[{"@type":"ReadAction","target":["https:\/\/milonguero-loco.de\/?page_id=5"]}]},{"@type":"ImageObject","inLanguage":"de","@id":"https:\/\/milonguero-loco.de\/?page_id=5#primaryimage","url":"https:\/\/milonguero-loco.de\/wp-content\/uploads\/2025\/12\/Milonguero-Loco_2026.jpg","contentUrl":"https:\/\/milonguero-loco.de\/wp-content\/uploads\/2025\/12\/Milonguero-Loco_2026.jpg","width":1996,"height":1081},{"@type":"BreadcrumbList","@id":"https:\/\/milonguero-loco.de\/?page_id=5#breadcrumb","itemListElement":[{"@type":"ListItem","position":1,"name":"Startseite","item":"https:\/\/milonguero-loco.de\/"},{"@type":"ListItem","position":2,"name":"Eingang","item":"https:\/\/milonguero-loco.de\/"},{"@type":"ListItem","position":3,"name":"Startseite"}]},{"@type":"WebSite","@id":"https:\/\/milonguero-loco.de\/#website","url":"https:\/\/milonguero-loco.de\/","name":"MilongueroLoco","description":"","potentialAction":[{"@type":"SearchAction","target":{"@type":"EntryPoint","urlTemplate":"https:\/\/milonguero-loco.de\/?s={search_term_string}"},"query-input":{"@type":"PropertyValueSpecification","valueRequired":true,"valueName":"search_term_string"}}],"inLanguage":"de"}]}},"_links":{"self":[{"href":"https:\/\/milonguero-loco.de\/index.php?rest_route=\/wp\/v2\/pages\/5","targetHints":{"allow":["GET"]}}],"collection":[{"href":"https:\/\/milonguero-loco.de\/index.php?rest_route=\/wp\/v2\/pages"}],"about":[{"href":"https:\/\/milonguero-loco.de\/index.php?rest_route=\/wp\/v2\/types\/page"}],"author":[{"embeddable":true,"href":"https:\/\/milonguero-loco.de\/index.php?rest_route=\/wp\/v2\/users\/1"}],"replies":[{"embeddable":true,"href":"https:\/\/milonguero-loco.de\/index.php?rest_route=%2Fwp%2Fv2%2Fcomments&post=5"}],"version-history":[{"count":9,"href":"https:\/\/milonguero-loco.de\/index.php?rest_route=\/wp\/v2\/pages\/5\/revisions"}],"predecessor-version":[{"id":162,"href":"https:\/\/milonguero-loco.de\/index.php?rest_route=\/wp\/v2\/pages\/5\/revisions\/162"}],"up":[{"embeddable":true,"href":"https:\/\/milonguero-loco.de\/index.php?rest_route=\/wp\/v2\/pages\/116"}],"wp:featuredmedia":[{"embeddable":true,"href":"https:\/\/milonguero-loco.de\/index.php?rest_route=\/wp\/v2\/media\/164"}],"wp:attachment":[{"href":"https:\/\/milonguero-loco.de\/index.php?rest_route=%2Fwp%2Fv2%2Fmedia&parent=5"}],"curies":[{"name":"wp","href":"https:\/\/api.w.org\/{rel}","templated":true}]}}